{"id":206,"date":"2018-02-02T10:55:48","date_gmt":"2018-02-02T10:55:48","guid":{"rendered":"http:\/\/bridge150.qodeinteractive.com\/?page_id=206"},"modified":"2019-11-08T18:12:22","modified_gmt":"2019-11-08T18:12:22","slug":"la-empresa","status":"publish","type":"page","link":"https:\/\/nampyol.com\/marine\/la-empresa\/","title":{"rendered":"Empresa"},"content":{"rendered":"<p>[vc_row css_animation=\u00bb\u00bb row_type=\u00bbrow\u00bb use_row_as_full_screen_section=\u00bbno\u00bb type=\u00bbgrid\u00bb angled_section=\u00bbno\u00bb text_align=\u00bbleft\u00bb background_image_as_pattern=\u00bbwithout_pattern\u00bb z_index=\u00bb\u00bb css=\u00bb.vc_custom_1573236739046{padding-top: 88px !important;padding-bottom: 23px !important;}\u00bb][vc_column][vc_column_text]<strong>NAMPYOL ENGINEERING CO.<\/strong> es una sociedad an\u00f3nima constituida en la Argentina, por los mismos accionistas de Nampyol Marine Engineering CO.; compa\u00f1\u00eda registrada en Korea desde el a\u00f1o 1997, y que contin\u00faa operando en el presente.<\/p>\n<p>La misma se encuentra dedicada a la exportaci\u00f3n desde Korea y Asia, hacia Sudam\u00e9rica y Argentina en particular, de productos de alta tecnolog\u00eda (materiales, equipos y componentes) ya sea relacionados a la industria naval, metal-electro mec\u00e1nica, y el\u00e9ctrico-generadoras de origen renovables.[\/vc_column_text][vc_empty_space height=\u00bb50px\u00bb][\/vc_column][\/vc_row][vc_row css_animation=\u00bb\u00bb row_type=\u00bbrow\u00bb use_row_as_full_screen_section=\u00bbno\u00bb type=\u00bbfull_width\u00bb angled_section=\u00bbno\u00bb text_align=\u00bbleft\u00bb background_image_as_pattern=\u00bbwithout_pattern\u00bb css=\u00bb.vc_custom_1571684366928{padding-top: 80px !important;padding-bottom: 80px !important;background-color: #0885f6 !important;}\u00bb z_index=\u00bb\u00bb][vc_column][vc_row_inner row_type=\u00bbrow\u00bb type=\u00bbgrid\u00bb text_align=\u00bbleft\u00bb css_animation=\u00bb\u00bb][vc_column_inner offset=\u00bbvc_col-lg-6 vc_col-md-12&#8243;][vc_column_text]<\/p>\n<h3><span style=\"color: #ffffff;\">Los Servicios incluyen<\/span><\/h3>\n<p>[\/vc_column_text][\/vc_column_inner][vc_column_inner offset=\u00bbvc_col-lg-6 vc_col-md-12&#8243;][vc_column_text]<span style=\"color: #ffffff;\"> la provisi\u00f3n del producto incluyendo \u201cFactory Acceptance Test\u201d, evaluaci\u00f3n, aprobaci\u00f3n de planos y documentaci\u00f3n del producto como tambi\u00e9n la instalaci\u00f3n y el commissioning del producto in situ.<br \/>\nArmadores, empresas y distintos organismos utilizan nuestros canales para satisfacer sus necesidades de insumos y equipos en tiempo y forma.<\/span>[\/vc_column_text][\/vc_column_inner][\/vc_row_inner][\/vc_column][\/vc_row]<\/p>\n","protected":false},"excerpt":{"rendered":"<p>[vc_row css_animation=\u00bb\u00bb row_type=\u00bbrow\u00bb use_row_as_full_screen_section=\u00bbno\u00bb type=\u00bbgrid\u00bb angled_section=\u00bbno\u00bb text_align=\u00bbleft\u00bb background_image_as_pattern=\u00bbwithout_pattern\u00bb z_index=\u00bb\u00bb css=\u00bb.vc_custom_1573236739046{padding-top: 88px !important;padding-bottom: 23px !important;}\u00bb][vc_column][vc_column_text]NAMPYOL ENGINEERING CO. es una sociedad an\u00f3nima constituida en la Argentina, por los mismos accionistas de Nampyol Marine Engineering CO.; compa\u00f1\u00eda registrada en Korea desde el a\u00f1o 1997, y que contin\u00faa operando&#8230;<\/p>\n","protected":false},"author":2,"featured_media":0,"parent":0,"menu_order":0,"comment_status":"closed","ping_status":"closed","template":"full_width.php","meta":{"footnotes":""},"class_list":["post-206","page","type-page","status-publish","hentry"],"_links":{"self":[{"href":"https:\/\/nampyol.com\/marine\/wp-json\/wp\/v2\/pages\/206","targetHints":{"allow":["GET"]}}],"collection":[{"href":"https:\/\/nampyol.com\/marine\/wp-json\/wp\/v2\/pages"}],"about":[{"href":"https:\/\/nampyol.com\/marine\/wp-json\/wp\/v2\/types\/page"}],"author":[{"embeddable":true,"href":"https:\/\/nampyol.com\/marine\/wp-json\/wp\/v2\/users\/2"}],"replies":[{"embeddable":true,"href":"https:\/\/nampyol.com\/marine\/wp-json\/wp\/v2\/comments?post=206"}],"version-history":[{"count":21,"href":"https:\/\/nampyol.com\/marine\/wp-json\/wp\/v2\/pages\/206\/revisions"}],"predecessor-version":[{"id":370,"href":"https:\/\/nampyol.com\/marine\/wp-json\/wp\/v2\/pages\/206\/revisions\/370"}],"wp:attachment":[{"href":"https:\/\/nampyol.com\/marine\/wp-json\/wp\/v2\/media?parent=206"}],"curies":[{"name":"wp","href":"https:\/\/api.w.org\/{rel}","templated":true}]}}